{"id":9,"date":"2018-08-20T12:22:26","date_gmt":"2018-08-20T10:22:26","guid":{"rendered":"https:\/\/www.allusky.com\/hangar\/?page_id=9"},"modified":"2025-04-08T18:16:11","modified_gmt":"2025-04-08T16:16:11","slug":"lampada-hangar","status":"publish","type":"page","link":"https:\/\/www.allusky.com\/hangar\/lampada-hangar\/","title":{"rendered":"Lampada Hangar"},"content":{"rendered":"<h2>LINEA <\/h2>\n<h2>HANGAR<\/h2>\n<h2>DESCRIZIONE  <b>LAMPADA<\/b><\/h2>\n<p>Lampada a LED ALLUSKY\u00ae serie HANGAR. Consumi energetici<br \/>ridotti per una massima efficienza energetica. Tenuta stagna e <strong>caratteristiche di robustezza uniche per la categoria<\/strong>. Adatto per impieghi sia per interni che esterni. Lo speciale chassis \u00e8 realizzato<br \/>in <strong>alluminio estruso con trattamento anticorrosivo<\/strong> a lunga durata.<br \/>Disponibilit\u00e0 di diverse proiezioni fotometriche.<br \/>La lampada nasce dallo sviluppo sinergico tra meccanica, ottica ed elettronica. La ricerca dei materiali \u00e8 finalizzata all\u2019ottenimento di una perfetta proiezione fotometrica, garantendo allo stesso tempo propriet\u00e0 di dissipazione termica adeguata alla componentistica<br \/>elettronica utilizzata.<\/p>\n<p>\t\t\t\t\t\t\t\t\t\t<img fetchpriority=\"high\" decoding=\"async\" width=\"1000\" height=\"965\" src=\"https:\/\/www.allusky.com\/hangar\/wp-content\/uploads\/2018\/10\/hangar-led-allusky.png\" alt=\"\" srcset=\"https:\/\/www.allusky.com\/hangar\/wp-content\/uploads\/2018\/10\/hangar-led-allusky.png 1000w, https:\/\/www.allusky.com\/hangar\/wp-content\/uploads\/2018\/10\/hangar-led-allusky-300x290.png 300w, https:\/\/www.allusky.com\/hangar\/wp-content\/uploads\/2018\/10\/hangar-led-allusky-768x741.png 768w\" sizes=\"(max-width: 1000px) 100vw, 1000px\" \/><br \/>\n\t\t\t\t\t\t\t\t\t\t\t<a href=\"http:\/\/www.allusky.com\/PDF\/Datasheet_Hangar_IT.pdf\" data-elementor-open-lightbox=\"\" target=\"_blank\"><br \/>\n\t\t\t\t\t\t\t<img decoding=\"async\" width=\"225\" height=\"300\" src=\"https:\/\/www.allusky.com\/hangar\/wp-content\/uploads\/2018\/10\/scheda-tecnica-lampada-hangar-225x300.png\" alt=\"\" srcset=\"https:\/\/www.allusky.com\/hangar\/wp-content\/uploads\/2018\/10\/scheda-tecnica-lampada-hangar-225x300.png 225w, https:\/\/www.allusky.com\/hangar\/wp-content\/uploads\/2018\/10\/scheda-tecnica-lampada-hangar.png 300w\" sizes=\"(max-width: 225px) 100vw, 225px\" \/>\t\t\t\t\t\t\t\t<\/a><\/p>\n<p><a href=\"http:\/\/www.allusky.com\/PDF\/Datasheet_Hangar_IT.pdf\" target=\"_blank\" rel=\"noopener\">SCARICA LA SCHEDA TECNICA IN FORMATO PDF<\/a><\/p>\n<h2>SPECIFICHE <b>TECNICHE<\/b><\/h2>\n<ul>\n<li>Flusso Luminoso fino a 20.200lm | Luce naturale | CRI fino a 95<\/li>\n<li>Recesso ottico in policarbonato ad elevata trasmissione luminosa<\/li>\n<li>Consumo elettrico da 70W fino a 172W | Efficienza elettrica &gt; 95%<\/li>\n<li>Isolamento elettrico 6kV\/10kV \/ A. 90\u2010305VAC; 50\u201060Hz; Cos(\u03c6)&gt;0,96 | Cl. 1<\/li>\n<li>Tenuta IP65 &amp; IP67 | resistenza meccanica IK10 | valvola anticondensa<\/li>\n<li>Colore: nero (altri RAL) | verniciatura a polveri con trattamento anticorrosivo<\/li>\n<li>Dimensioni: 370x370x120 mm |<\/li>\n<li>Peso: 7 kg | Res. Filo incandescente: 850 \u00b0 C<\/li>\n<\/ul>\n<p>\t\t\t<a href=\"#scheda\" role=\"button\"><br \/>\n\t\t\t\t\t\tScopri di pi\u00f9<br \/>\n\t\t\t\t\t<\/a><\/p>\n<h2>HIGHLIGHTS<\/h2>\n<h3>\n\t\t\t\t\tRisparmio <b>energetico<\/b><br \/>\n\t\t\t\t<\/h3>\n<p>fino al 62%<\/p>\n<h3>\n\t\t\t\t\tAlta <b>resistenza<\/b><br \/>\n\t\t\t\t<\/h3>\n<p>La vita stimata di queste luci \u00e8 di 10 anni<\/p>\n<h3>\n\t\t\t\t\tMigliore <b>efficienza<\/b><br \/>\n\t\t\t\t<\/h3>\n<p>30% in pi\u00f9 di luce rispetto alle tradizionali soluzioni LED<\/p>\n<h3>\n\t\t\t\t\tDurata <b>LED<\/b><br \/>\n\t\t\t\t<\/h3>\n<p>150.000 ore (LM80 25\u00b0c). Range massimo di temperatura: -35\u00b0c + 65\u00b0c<\/p>\n<h3>\n\t\t\t\t\tGestione <b>termica<\/b><br \/>\n\t\t\t\t<\/h3>\n<p>Lo stadio di alimentazione \u00e8 separato ed al di sopra della sorgente luminosa.<\/p>\n<h2>I  <b>MATERIALI<\/b><\/h2>\n<p><strong>La longevit\u00e0 del sistema LED<\/strong> viene garantita \u00a0dall\u2019elevata\u00a0selezione dei materiali e di tutti componenti, dalle basse\u00a0correnti di pilotaggio, dalle protezioni elettriche in ingresso\u00a0e dallo speciale profilo di dissipazione con un\u2019area\u00a0equivalente maggiore di 0.6m2 (pur contenendo le dimensioni\u00a0della lampada in soli 370x370mm e con un peso di 7kg). Per\u00a0limitare eventuali interferenze elettromagnetiche provenienti\u00a0dall\u2019ambiente e per garantire un adeguato collegamento\u00a0elettrico, il profilo estruso include opportune gole (ricavate nel\u00a0pieno e con lunghezza &gt;35mm) adatte al passaggio cavi\u00a0provenienti dall\u2019esterno della lampada. Sistema anticondensa\u00a0con valvola integrata.<\/p>\n<p>\t\t\t\t\t\t\t\t\t\t\t<a href=\"https:\/\/www.allusky.com\/hangar\/wp-content\/uploads\/2018\/10\/high-power-led.png\" data-elementor-open-lightbox=\"no\"><br \/>\n\t\t\t\t\t\t\t<img decoding=\"async\" width=\"400\" height=\"243\" src=\"https:\/\/www.allusky.com\/hangar\/wp-content\/uploads\/2018\/10\/high-power-led.png\" alt=\"\" srcset=\"https:\/\/www.allusky.com\/hangar\/wp-content\/uploads\/2018\/10\/high-power-led.png 400w, https:\/\/www.allusky.com\/hangar\/wp-content\/uploads\/2018\/10\/high-power-led-300x182.png 300w\" sizes=\"(max-width: 400px) 100vw, 400px\" \/>\t\t\t\t\t\t\t\t<\/a><\/p>\n<p><strong>LED High Power<\/strong>: maggiore durata, flusso stabile nel\u00a0tempo grazie alla base in ceramica. La migliore sorgente\u00a0disponibile per lampade ad alta potenza.<\/p>\n<h2>PROTEZIONI <b>ELETTRICHE<\/b><\/h2>\n<p>Alimentazione elettrica Classe I 2P+T 230V 50Hz con\u00a0operativit\u00e0 estesa garantita da 90V a 305V (Cos(\u03c6)&gt;0.95) con\u00a0protezione in ingresso 6kV fase\u2010neutro e 10kV linea\u2010terra.<br \/>Protezioni elettriche aggiuntive e funzione di auto recovery in\u00a0caso di sovra\u2010temperatura, sovra\u2010tensioni e protezione al\u00a0corto circuito.<\/p>\n<h2>CHIP <b>LED<\/b><\/h2>\n<p>Sorgente luminosa a matrice di LED tipo High Power con\u00a0alimentazione best performance (corrente LED &lt;60% rispetto\u00a0alla massima ammissibile).<\/p>\n<p>Controllo integrato livello intensit\u00e0\u00a0luminosa (dimmer).<\/p>\n<h2>OTTICHE DI <b>PROIEZIONE<\/b><\/h2>\n<p>Per ottimizzare le caratteristiche di resistenza meccanica il\u00a0recesso ottico \u00e8 in policarbonato stampato ad iniezione con\u00a0specifiche nervature di rinforzo e ancorato al profilo di\u00a0dissipazione attraverso opportuna guarnizione e viteria in\u00a0acciaio. Le ottiche secondarie applicate ai singoli chip LED\u00a0garantiscono una proiezione luminosa controllata, abbattendo\u00a0il fenomeno di abbagliamento percepito. Tali ottiche sono\u00a0realizzate in policarbonato ad elevatissima trasparenza, UV\u00a0resistance e adatto per impieghi ad alte temperature.<br \/>Predisposizione per diverse tipologie di installazione (sospesa,\u00a0a soffitto, muro e a testa palo).<\/p>\n<p>\t\t\t\t\t\t\t\t\t\t<img loading=\"lazy\" decoding=\"async\" width=\"1400\" height=\"1130\" src=\"https:\/\/www.allusky.com\/hangar\/wp-content\/uploads\/2018\/08\/led-allusky.jpg\" alt=\"\" srcset=\"https:\/\/www.allusky.com\/hangar\/wp-content\/uploads\/2018\/08\/led-allusky.jpg 1400w, https:\/\/www.allusky.com\/hangar\/wp-content\/uploads\/2018\/08\/led-allusky-300x242.jpg 300w, https:\/\/www.allusky.com\/hangar\/wp-content\/uploads\/2018\/08\/led-allusky-768x620.jpg 768w, https:\/\/www.allusky.com\/hangar\/wp-content\/uploads\/2018\/08\/led-allusky-1024x827.jpg 1024w\" sizes=\"(max-width: 1400px) 100vw, 1400px\" \/>\t\t\t\t\t\t\t\t\t\t\t<\/p>\n<h2><b>LINEA HANGAR <\/b>INSTALLAZIONE<\/h2>\n<p class=\"responsive-video-wrap clr\"><iframe width=\"1200\" height=\"675\" src=\"https:\/\/www.youtube.com\/embed\/G7JeJdS17lU?feature=oembed\" frameborder=\"0\" allow=\"accelerometer; autoplay; encrypted-media; gyroscope; picture-in-picture\" allowfullscreen><\/iframe><\/p>\n<h2>SCHEDA LAMPADE <BR><b>HANGAR SERIES<\/b><\/h2>\n\n<table id=\"tablepress-1\" class=\"tablepress tablepress-id-1\">\n<thead>\n<tr class=\"row-1\">\n\t<th class=\"column-1\"><strong>Cod. lampada<\/strong><\/th><th class=\"column-2\"><strong>Potenza<\/strong><\/th><th class=\"column-3\"><strong>Flusso LED<\/strong><\/th><th class=\"column-4\"><strong>Col. bianco<\/strong><\/th><th class=\"column-5\"><strong>Ottiche<\/strong><\/th><th class=\"column-6\"><strong>Feature<\/strong><\/th><th class=\"column-7\"><strong>Replac.<\/strong><\/th>\n<\/tr>\n<\/thead>\n<tbody class=\"row-striping\">\n<tr class=\"row-2\">\n\t<td class=\"column-1\">HG\u2010070HE\u2010XXXX<\/td><td class=\"column-2\">70 W<\/td><td class=\"column-3\">10.000 lm<\/td><td class=\"column-4\">4.000 K or 3.000 K<\/td><td class=\"column-5\">J60, J90, J120, JS1, JS2<\/td><td class=\"column-6\">CR80<\/td><td class=\"column-7\">80W<\/td>\n<\/tr>\n<tr class=\"row-3\">\n\t<td class=\"column-1\">HG\u201070HE\u2010XXXX\u2010S&amp;L<\/td><td class=\"column-2\">70 W<\/td><td class=\"column-3\">8.500 lm<\/td><td class=\"column-4\">4.000 K or 3.000 K<\/td><td class=\"column-5\">J60, J90, J120, JS1, JS2<\/td><td class=\"column-6\">Sun&amp;Life<\/td><td class=\"column-7\">80W<\/td>\n<\/tr>\n<tr class=\"row-4\">\n\t<td class=\"column-1\">HG\u2010100HE\u2010XXXX<\/td><td class=\"column-2\">104 W<\/td><td class=\"column-3\">15.000 lm<\/td><td class=\"column-4\">4.000 K or 3.000 K<\/td><td class=\"column-5\">J60, J90, J120, JS1, JS2<\/td><td class=\"column-6\">CR80<\/td><td class=\"column-7\">120W<\/td>\n<\/tr>\n<tr class=\"row-5\">\n\t<td class=\"column-1\">HG\u2010100HE\u2010XXXX\u2010S&amp;L<\/td><td class=\"column-2\">104 W<\/td><td class=\"column-3\">12.500 lm<\/td><td class=\"column-4\">4.000 K or 3.000 K<\/td><td class=\"column-5\">J60, J90, J120, JS1, JS2<\/td><td class=\"column-6\">Sun&amp;Life<\/td><td class=\"column-7\">120W<\/td>\n<\/tr>\n<tr class=\"row-6\">\n\t<td class=\"column-1\">HG\u2010120BX\u2010XXXX<\/td><td class=\"column-2\">120 W<\/td><td class=\"column-3\">13.500 lm<\/td><td class=\"column-4\">4.000 K or 3.000 K<\/td><td class=\"column-5\">J60, J90, J120, JS1, JS2<\/td><td class=\"column-6\">CR80<\/td><td class=\"column-7\">250W<\/td>\n<\/tr>\n<tr class=\"row-7\">\n\t<td class=\"column-1\">HG\u2010120BX\u2010XXXX\u2010S&amp;L<\/td><td class=\"column-2\">120 W<\/td><td class=\"column-3\">11.500 lm<\/td><td class=\"column-4\">4.000 K or 3.000 K<\/td><td class=\"column-5\">J60, J90, J120, JS1, JS2<\/td><td class=\"column-6\">Sun&amp;Life<\/td><td class=\"column-7\">250W<\/td>\n<\/tr>\n<tr class=\"row-8\">\n\t<td class=\"column-1\">HG\u2010180BX\u2010XXXX<\/td><td class=\"column-2\">172 W<\/td><td class=\"column-3\">20.200 lm<\/td><td class=\"column-4\">4.000 K or 3.000 K<\/td><td class=\"column-5\">J60, J90, J120, JS1, JS2<\/td><td class=\"column-6\">CR80<\/td><td class=\"column-7\">400W<\/td>\n<\/tr>\n<tr class=\"row-9\">\n\t<td class=\"column-1\">HG\u2010180BX\u2010XXXX\u2010S&amp;L<\/td><td class=\"column-2\">172 W<\/td><td class=\"column-3\">17.500 lm<\/td><td class=\"column-4\">4.000 K or 3.000 K<\/td><td class=\"column-5\">J60, J90, J120, JS1, JS2<\/td><td class=\"column-6\">Sun&amp;Life<\/td><td class=\"column-7\">400W<\/td>\n<\/tr>\n<\/tbody>\n<\/table>\n<!-- #tablepress-1 from cache -->\n<h2>qualit\u00e0<BR> <b>certificata<\/b><\/h2>\n<p>I sistemi di illuminazione LED Allusky\u00ae, sono garantiti dalla certificazione ISO 9001 e beneficiano del processo di qualit\u00e0 richiesto dalla certificazione ISO 14001 per il miglioramento delle attivit\u00e0 aziendali anche negli ambienti della tutela dell\u2019ambiente e sicurezza. Ulteriori certificazioni come UNI EN 1090 e ISO 3834\u20104 e SOA, concorrono a rafforzare la qualit\u00e0 offerta ai nostri clienti. La Societ\u00e0 \u00e8 fornitore NATO e per il Governo USA con NCAGE code AH974 e DUNS No.564748494.<\/p>\n<p>\t\t\t\t\t\t\t\t\t\t<img loading=\"lazy\" decoding=\"async\" width=\"400\" height=\"67\" src=\"https:\/\/www.allusky.com\/hangar\/wp-content\/uploads\/2018\/10\/certificazioni-allusky.png\" alt=\"\" srcset=\"https:\/\/www.allusky.com\/hangar\/wp-content\/uploads\/2018\/10\/certificazioni-allusky.png 400w, https:\/\/www.allusky.com\/hangar\/wp-content\/uploads\/2018\/10\/certificazioni-allusky-300x50.png 300w\" sizes=\"(max-width: 400px) 100vw, 400px\" \/><\/p>\n","protected":false},"excerpt":{"rendered":"<p>LINEA HANGAR DESCRIZIONE LAMPADA Lampada a LED ALLUSKY\u00ae serie HANGAR. Consumi energeticiridotti per una massima efficienza energetica. Tenuta stagna e caratteristiche di robustezza uniche per la categoria. Adatto per impieghi sia per interni che esterni. Lo speciale chassis \u00e8 realizzatoin alluminio estruso con trattamento anticorrosivo a lunga durata.Disponibilit\u00e0 di diverse proiezioni fotometriche.La lampada nasce dallo [&hellip;]<\/p>\n","protected":false},"author":1,"featured_media":0,"parent":0,"menu_order":1,"comment_status":"closed","ping_status":"closed","template":"","meta":{"ocean_post_layout":"","ocean_both_sidebars_style":"","ocean_both_sidebars_content_width":0,"ocean_both_sidebars_sidebars_width":0,"ocean_sidebar":"0","ocean_second_sidebar":"0","ocean_disable_margins":"enable","ocean_add_body_class":"","ocean_shortcode_before_top_bar":"","ocean_shortcode_after_top_bar":"","ocean_shortcode_before_header":"","ocean_shortcode_after_header":"","ocean_has_shortcode":"","ocean_shortcode_after_title":"","ocean_shortcode_before_footer_widgets":"","ocean_shortcode_after_footer_widgets":"","ocean_shortcode_before_footer_bottom":"","ocean_shortcode_after_footer_bottom":"","ocean_display_top_bar":"default","ocean_display_header":"default","ocean_header_style":"","ocean_center_header_left_menu":"0","ocean_custom_header_template":"0","ocean_custom_logo":0,"ocean_custom_retina_logo":0,"ocean_custom_logo_max_width":0,"ocean_custom_logo_tablet_max_width":0,"ocean_custom_logo_mobile_max_width":0,"ocean_custom_logo_max_height":0,"ocean_custom_logo_tablet_max_height":0,"ocean_custom_logo_mobile_max_height":0,"ocean_header_custom_menu":"0","ocean_menu_typo_font_family":"0","ocean_menu_typo_font_subset":"","ocean_menu_typo_font_size":0,"ocean_menu_typo_font_size_tablet":0,"ocean_menu_typo_font_size_mobile":0,"ocean_menu_typo_font_size_unit":"px","ocean_menu_typo_font_weight":"","ocean_menu_typo_font_weight_tablet":"","ocean_menu_typo_font_weight_mobile":"","ocean_menu_typo_transform":"","ocean_menu_typo_transform_tablet":"","ocean_menu_typo_transform_mobile":"","ocean_menu_typo_line_height":0,"ocean_menu_typo_line_height_tablet":0,"ocean_menu_typo_line_height_mobile":0,"ocean_menu_typo_line_height_unit":"","ocean_menu_typo_spacing":0,"ocean_menu_typo_spacing_tablet":0,"ocean_menu_typo_spacing_mobile":0,"ocean_menu_typo_spacing_unit":"","ocean_menu_link_color":"","ocean_menu_link_color_hover":"","ocean_menu_link_color_active":"","ocean_menu_link_background":"","ocean_menu_link_hover_background":"","ocean_menu_link_active_background":"","ocean_menu_social_links_bg":"","ocean_menu_social_hover_links_bg":"","ocean_menu_social_links_color":"","ocean_menu_social_hover_links_color":"","ocean_disable_title":"on","ocean_disable_heading":"default","ocean_post_title":"","ocean_post_subheading":"","ocean_post_title_style":"","ocean_post_title_background_color":"","ocean_post_title_background":0,"ocean_post_title_bg_image_position":"","ocean_post_title_bg_image_attachment":"","ocean_post_title_bg_image_repeat":"","ocean_post_title_bg_image_size":"","ocean_post_title_height":0,"ocean_post_title_bg_overlay":0.5,"ocean_post_title_bg_overlay_color":"","ocean_disable_breadcrumbs":"default","ocean_breadcrumbs_color":"","ocean_breadcrumbs_separator_color":"","ocean_breadcrumbs_links_color":"","ocean_breadcrumbs_links_hover_color":"","ocean_display_footer_widgets":"default","ocean_display_footer_bottom":"default","ocean_custom_footer_template":"0","footnotes":""},"class_list":["post-9","page","type-page","status-publish","hentry","entry"],"_links":{"self":[{"href":"https:\/\/www.allusky.com\/hangar\/wp-json\/wp\/v2\/pages\/9","targetHints":{"allow":["GET"]}}],"collection":[{"href":"https:\/\/www.allusky.com\/hangar\/wp-json\/wp\/v2\/pages"}],"about":[{"href":"https:\/\/www.allusky.com\/hangar\/wp-json\/wp\/v2\/types\/page"}],"author":[{"embeddable":true,"href":"https:\/\/www.allusky.com\/hangar\/wp-json\/wp\/v2\/users\/1"}],"replies":[{"embeddable":true,"href":"https:\/\/www.allusky.com\/hangar\/wp-json\/wp\/v2\/comments?post=9"}],"version-history":[{"count":5,"href":"https:\/\/www.allusky.com\/hangar\/wp-json\/wp\/v2\/pages\/9\/revisions"}],"predecessor-version":[{"id":726,"href":"https:\/\/www.allusky.com\/hangar\/wp-json\/wp\/v2\/pages\/9\/revisions\/726"}],"wp:attachment":[{"href":"https:\/\/www.allusky.com\/hangar\/wp-json\/wp\/v2\/media?parent=9"}],"curies":[{"name":"wp","href":"https:\/\/api.w.org\/{rel}","templated":true}]}}